{"id":3320,"date":"2025-09-19T11:34:24","date_gmt":"2025-09-19T09:34:24","guid":{"rendered":"https:\/\/hetsalescentrum.nl\/?page_id=3320"},"modified":"2025-09-19T11:36:55","modified_gmt":"2025-09-19T09:36:55","slug":"formation-et-coaching-en-vente-a-amsterdam","status":"publish","type":"page","link":"https:\/\/hetsalescentrum.nl\/fr\/salestraining-en-coaching-in-amsterdam\/","title":{"rendered":"Formation \u00e0 la vente et coaching \u00e0 Amsterdam"},"content":{"rendered":"<div class=\"wp-block-group bb-page-block\"><div class=\"wp-block-group__inner-container is-layout-constrained wp-block-group-is-layout-constrained\">\n<p>Pourquoi suivre une formation \u00e0 la vente ou un cours de coaching \u00e0 Amsterdam ?<\/p>\n\n\n\n<p><br>Amsterdam regorge d'entreprises internationales et d'entrepreneurs ambitieux. Mais comment se d\u00e9marquer sur ce march\u00e9 concurrentiel ? Le SalesCentrum propose des formations en vente, en communication et en leadership \u00e0 Amsterdam qui aident les \u00e9quipes \u00e0 exceller.<\/p>\n\n\n\n<h2 class=\"wp-block-heading\">Notre approche<\/h2>\n\n\n\n<p>Dans de nombreuses entreprises, c'est le rythme effr\u00e9n\u00e9 de la journ\u00e9e qui d\u00e9termine l'agenda. Les prospects affluent et les commandes s'encha\u00eenent. Mais en tirez-vous le maximum ? C'est pourquoi nous \u00e9valuons d'abord si les connaissances et les comp\u00e9tences des \u00e9quipes commerciales sont en phase avec la strat\u00e9gie de l'entreprise. Avec l'aide de&nbsp;<a href=\"https:\/\/hetsalescentrum.nl\/fr\/couleurs-de-vente\/\" target=\"_blank\" rel=\"noreferrer noopener\">Couleurs de vente<\/a>&nbsp;d\u00e9terminer l'image id\u00e9ale et faire correspondre les employ\u00e9s existants. Ensuite, il y a le suivi, par exemple :<\/p>\n\n\n\n<ul class=\"wp-block-list\">\n<li>Formation \u00e0 la vente pour les gestionnaires de comptes et les directeurs des ventes<\/li>\n\n\n\n<li>Formation \u00e0 la communication : pr\u00e9sentations convaincantes et meilleurs contacts avec les clients<\/li>\n\n\n\n<li>Coaching en mati\u00e8re de leadership pour la direction et les conseils d'administration<\/li>\n<\/ul>\n\n\n\n<p>Ce ne sont l\u00e0 que quelques-unes des possibilit\u00e9s. Nous formons et coachons sur les \u00e9l\u00e9ments pour lesquels une croissance est souhait\u00e9e et une am\u00e9lioration peut \u00eatre r\u00e9alis\u00e9e.<\/p>\n\n\n\n<h2 class=\"wp-block-heading\">Pourquoi Amsterdam ?<\/h2>\n\n\n\n<p>Amsterdam est en pleine effervescence et bien connue \u00e0 l'int\u00e9rieur et \u00e0 l'ext\u00e9rieur des Pays-Bas. Il est important pour les entreprises d'\u00e9tablir \u00e9galement des liens au niveau local. La vente commence par l'\u00e9tablissement de nouvelles relations. De\u00a0<a href=\"https:\/\/hetsalescentrum.nl\/fr\/\" target=\"_blank\" rel=\"noreferrer noopener\">Le SalesCentre<\/a>\u00a0nous aimerions y r\u00e9fl\u00e9chir et nous y associer.<\/p>\n\n\n\n<p>En bref, nous :<br>\u2714 nous avons de l'exp\u00e9rience avec les entreprises en phase d'expansion et le march\u00e9 des entreprises<br>\u2714 utiliser des exemples pratiques ax\u00e9s sur l'actualit\u00e9<br>\u2714 et des cours de formation en entreprise ou dans des centres de formation \u00e0 Amsterdam.<\/p>\n\n\n\n<h2 class=\"wp-block-heading\">R\u00e9sultat<\/h2>\n\n\n\n<p>La direction d'une entreprise automobile d'Amsterdam a manqu\u00e9 de vivacit\u00e9 dans son \u00e9quipe de vente. Gr\u00e2ce \u00e0 un bon marketing, les vendeurs recevaient de nombreuses pistes, mais celles-ci n'\u00e9taient pas suffisamment suivies et exploit\u00e9es. Une formation \u00e0 la vente visant \u00e0 transmettre les connaissances n\u00e9cessaires semblait \u00eatre la solution. Cependant, lors de la premi\u00e8re session, il s'est av\u00e9r\u00e9 qu'il y avait plus que cela. Ce n'\u00e9tait pas tant que les connaissances manquaient, mais l'appropriation et la responsabilit\u00e9 semblaient \u00eatre la source du probl\u00e8me. La direction des ventes n'\u00e9tait pas coh\u00e9rente dans sa gestion et son engagement envers l'\u00e9quipe. En encadrant la direction et en sensibilisant l'\u00e9quipe \u00e0 sa propre responsabilit\u00e9, une nouvelle alchimie est apparue.<\/p>\n\n\n\n<p>Le r\u00e9sultat :<\/p>\n\n\n\n<ul class=\"wp-block-list\">\n<li>les vendeurs \u00e9taient \u00e0 l'heure,<\/li>\n\n\n\n<li>la direction des ventes savait mieux ce qui se passait dans l'\u00e9quipe et avec les clients,<\/li>\n\n\n\n<li>et les prospects \u00e9taient suivis plus rapidement et plus facilement convertis en commande.<\/li>\n<\/ul>\n\n\n\n<p>Gr\u00e2ce \u00e0 un coaching personnel, le responsable des ventes, un ancien vendeur de haut niveau, a pris conscience de son r\u00f4le et a \u00e9t\u00e9 en mesure d'avoir un impact d'une nouvelle mani\u00e8re avec son \u00e9quipe.<\/p>\n\n\n\n<h2 class=\"wp-block-heading\">Apprendre \u00e0 conna\u00eetre<\/h2>\n\n\n\n<p>Votre entreprise est-elle \u00e9galement confront\u00e9e \u00e0 un d\u00e9fi commercial ?<\/p>\n\n\n\n<p>Vous ne savez pas comment passer \u00e0 l'\u00e9tape suivante en tant qu'entrepreneur ind\u00e9pendant et devenir un acteur s\u00e9rieux \u00e0 Amsterdam ?<\/p>\n\n\n\n<p>N'attendez pas longtemps et prenez rendez-vous avec un&nbsp;<a href=\"https:\/\/hetsalescentrum.nl\/fr\/contact\/\" target=\"_blank\" rel=\"noreferrer noopener\">entretien de pr\u00e9sentation<\/a>&nbsp;en. Cela peut se faire en ligne ou nous nous rendons sur place \u00e0 Amsterdam.<\/p>\n<\/div><\/div>","protected":false},"excerpt":{"rendered":"<p>Waarom zou je een salestraining of coaching volgen in Amsterdam? Amsterdam bruist van internationale bedrijven en ambitieuze ondernemers. Maar hoe kan jij je onderscheiden in deze competitieve markt? Het SalesCentrum biedt sales-, communicatie- en leiderschapstrainingen in Amsterdam die teams helpen te excelleren. Onze aanpak Binnen veel ondernemingen is de hectiek van de dag bepalend voor [&hellip;]<\/p>\n","protected":false},"author":4,"featured_media":3323,"parent":0,"menu_order":0,"comment_status":"closed","ping_status":"closed","template":"","meta":{"footnotes":""},"class_list":["post-3320","page","type-page","status-publish","has-post-thumbnail","hentry"],"yoast_head":"<!-- This site is optimized with the Yoast SEO plugin v27.5 - https:\/\/yoast.com\/product\/yoast-seo-wordpress\/ -->\n<title>Salestraining en coaching in Amsterdam - Het Sales Centrum<\/title>\n<meta name=\"description\" content=\"Verbeter sales, communicatie en leiderschap in Amsterdam. Het SalesCentrum biedt trainingen en coaching voor ondernemers en teams.\" \/>\n<meta name=\"robots\" content=\"index, follow, max-snippet:-1, max-image-preview:large, max-video-preview:-1\" \/>\n<link rel=\"canonical\" href=\"https:\/\/hetsalescentrum.nl\/fr\/formation-et-coaching-en-vente-a-amsterdam\/\" \/>\n<meta property=\"og:locale\" content=\"fr_FR\" \/>\n<meta property=\"og:type\" content=\"article\" \/>\n<meta property=\"og:title\" content=\"Salestraining en coaching in Amsterdam - Het Sales Centrum\" \/>\n<meta property=\"og:description\" content=\"Verbeter sales, communicatie en leiderschap in Amsterdam. Het SalesCentrum biedt trainingen en coaching voor ondernemers en teams.\" \/>\n<meta property=\"og:url\" content=\"https:\/\/hetsalescentrum.nl\/fr\/formation-et-coaching-en-vente-a-amsterdam\/\" \/>\n<meta property=\"og:site_name\" content=\"Het Sales Centrum\" \/>\n<meta property=\"article:modified_time\" content=\"2025-09-19T09:36:55+00:00\" \/>\n<meta property=\"og:image\" content=\"https:\/\/hetsalescentrum.nl\/wp-content\/uploads\/2025\/09\/Amsterdam.jpeg\" \/>\n\t<meta property=\"og:image:width\" content=\"1486\" \/>\n\t<meta property=\"og:image:height\" content=\"991\" \/>\n\t<meta property=\"og:image:type\" content=\"image\/jpeg\" \/>\n<meta name=\"twitter:card\" content=\"summary_large_image\" \/>\n<meta name=\"twitter:label1\" content=\"Dur\u00e9e de lecture estim\u00e9e\" \/>\n\t<meta name=\"twitter:data1\" content=\"3 minutes\" \/>\n<script type=\"application\/ld+json\" class=\"yoast-schema-graph\">{\"@context\":\"https:\\\/\\\/schema.org\",\"@graph\":[{\"@type\":\"WebPage\",\"@id\":\"https:\\\/\\\/hetsalescentrum.nl\\\/salestraining-en-coaching-in-amsterdam\\\/\",\"url\":\"https:\\\/\\\/hetsalescentrum.nl\\\/salestraining-en-coaching-in-amsterdam\\\/\",\"name\":\"Salestraining en coaching in Amsterdam - Het Sales Centrum\",\"isPartOf\":{\"@id\":\"https:\\\/\\\/hetsalescentrum.nl\\\/#website\"},\"primaryImageOfPage\":{\"@id\":\"https:\\\/\\\/hetsalescentrum.nl\\\/salestraining-en-coaching-in-amsterdam\\\/#primaryimage\"},\"image\":{\"@id\":\"https:\\\/\\\/hetsalescentrum.nl\\\/salestraining-en-coaching-in-amsterdam\\\/#primaryimage\"},\"thumbnailUrl\":\"https:\\\/\\\/hetsalescentrum.nl\\\/wp-content\\\/uploads\\\/2025\\\/09\\\/Amsterdam.jpeg\",\"datePublished\":\"2025-09-19T09:34:24+00:00\",\"dateModified\":\"2025-09-19T09:36:55+00:00\",\"description\":\"Verbeter sales, communicatie en leiderschap in Amsterdam. Het SalesCentrum biedt trainingen en coaching voor ondernemers en teams.\",\"breadcrumb\":{\"@id\":\"https:\\\/\\\/hetsalescentrum.nl\\\/salestraining-en-coaching-in-amsterdam\\\/#breadcrumb\"},\"inLanguage\":\"fr-FR\",\"potentialAction\":[{\"@type\":\"ReadAction\",\"target\":[\"https:\\\/\\\/hetsalescentrum.nl\\\/salestraining-en-coaching-in-amsterdam\\\/\"]}]},{\"@type\":\"ImageObject\",\"inLanguage\":\"fr-FR\",\"@id\":\"https:\\\/\\\/hetsalescentrum.nl\\\/salestraining-en-coaching-in-amsterdam\\\/#primaryimage\",\"url\":\"https:\\\/\\\/hetsalescentrum.nl\\\/wp-content\\\/uploads\\\/2025\\\/09\\\/Amsterdam.jpeg\",\"contentUrl\":\"https:\\\/\\\/hetsalescentrum.nl\\\/wp-content\\\/uploads\\\/2025\\\/09\\\/Amsterdam.jpeg\",\"width\":1486,\"height\":991,\"caption\":\"Amsterdam\"},{\"@type\":\"BreadcrumbList\",\"@id\":\"https:\\\/\\\/hetsalescentrum.nl\\\/salestraining-en-coaching-in-amsterdam\\\/#breadcrumb\",\"itemListElement\":[{\"@type\":\"ListItem\",\"position\":1,\"name\":\"Home\",\"item\":\"https:\\\/\\\/hetsalescentrum.nl\\\/\"},{\"@type\":\"ListItem\",\"position\":2,\"name\":\"Salestraining en coaching in Amsterdam\"}]},{\"@type\":\"WebSite\",\"@id\":\"https:\\\/\\\/hetsalescentrum.nl\\\/#website\",\"url\":\"https:\\\/\\\/hetsalescentrum.nl\\\/\",\"name\":\"Het Sales Centrum\",\"description\":\"Sales training en coaching\",\"publisher\":{\"@id\":\"https:\\\/\\\/hetsalescentrum.nl\\\/#organization\"},\"potentialAction\":[{\"@type\":\"SearchAction\",\"target\":{\"@type\":\"EntryPoint\",\"urlTemplate\":\"https:\\\/\\\/hetsalescentrum.nl\\\/?s={search_term_string}\"},\"query-input\":{\"@type\":\"PropertyValueSpecification\",\"valueRequired\":true,\"valueName\":\"search_term_string\"}}],\"inLanguage\":\"fr-FR\"},{\"@type\":\"Organization\",\"@id\":\"https:\\\/\\\/hetsalescentrum.nl\\\/#organization\",\"name\":\"Het Sales Centrum\",\"alternateName\":\"Salescentrum\",\"url\":\"https:\\\/\\\/hetsalescentrum.nl\\\/\",\"logo\":{\"@type\":\"ImageObject\",\"inLanguage\":\"fr-FR\",\"@id\":\"https:\\\/\\\/hetsalescentrum.nl\\\/#\\\/schema\\\/logo\\\/image\\\/\",\"url\":\"https:\\\/\\\/hetsalescentrum.nl\\\/wp-content\\\/uploads\\\/2023\\\/01\\\/Hetsalescentrum_witteachtergrond1500x1000.png\",\"contentUrl\":\"https:\\\/\\\/hetsalescentrum.nl\\\/wp-content\\\/uploads\\\/2023\\\/01\\\/Hetsalescentrum_witteachtergrond1500x1000.png\",\"width\":1200,\"height\":998,\"caption\":\"Het Sales Centrum\"},\"image\":{\"@id\":\"https:\\\/\\\/hetsalescentrum.nl\\\/#\\\/schema\\\/logo\\\/image\\\/\"}}]}<\/script>\n<!-- \/ Yoast SEO plugin. -->","yoast_head_json":{"title":"Formation \u00e0 la vente et coaching \u00e0 Amsterdam - Het Sales Centrum","description":"Am\u00e9liorer les ventes, la communication et le leadership \u00e0 Amsterdam. Le SalesCentrum propose des formations et du coaching pour les entrepreneurs et les \u00e9quipes.","robots":{"index":"index","follow":"follow","max-snippet":"max-snippet:-1","max-image-preview":"max-image-preview:large","max-video-preview":"max-video-preview:-1"},"canonical":"https:\/\/hetsalescentrum.nl\/fr\/formation-et-coaching-en-vente-a-amsterdam\/","og_locale":"fr_FR","og_type":"article","og_title":"Salestraining en coaching in Amsterdam - Het Sales Centrum","og_description":"Verbeter sales, communicatie en leiderschap in Amsterdam. Het SalesCentrum biedt trainingen en coaching voor ondernemers en teams.","og_url":"https:\/\/hetsalescentrum.nl\/fr\/formation-et-coaching-en-vente-a-amsterdam\/","og_site_name":"Het Sales Centrum","article_modified_time":"2025-09-19T09:36:55+00:00","og_image":[{"width":1486,"height":991,"url":"https:\/\/hetsalescentrum.nl\/wp-content\/uploads\/2025\/09\/Amsterdam.jpeg","type":"image\/jpeg"}],"twitter_card":"summary_large_image","twitter_misc":{"Dur\u00e9e de lecture estim\u00e9e":"3 minutes"},"schema":{"@context":"https:\/\/schema.org","@graph":[{"@type":"WebPage","@id":"https:\/\/hetsalescentrum.nl\/salestraining-en-coaching-in-amsterdam\/","url":"https:\/\/hetsalescentrum.nl\/salestraining-en-coaching-in-amsterdam\/","name":"Formation \u00e0 la vente et coaching \u00e0 Amsterdam - Het Sales Centrum","isPartOf":{"@id":"https:\/\/hetsalescentrum.nl\/#website"},"primaryImageOfPage":{"@id":"https:\/\/hetsalescentrum.nl\/salestraining-en-coaching-in-amsterdam\/#primaryimage"},"image":{"@id":"https:\/\/hetsalescentrum.nl\/salestraining-en-coaching-in-amsterdam\/#primaryimage"},"thumbnailUrl":"https:\/\/hetsalescentrum.nl\/wp-content\/uploads\/2025\/09\/Amsterdam.jpeg","datePublished":"2025-09-19T09:34:24+00:00","dateModified":"2025-09-19T09:36:55+00:00","description":"Am\u00e9liorer les ventes, la communication et le leadership \u00e0 Amsterdam. Le SalesCentrum propose des formations et du coaching pour les entrepreneurs et les \u00e9quipes.","breadcrumb":{"@id":"https:\/\/hetsalescentrum.nl\/salestraining-en-coaching-in-amsterdam\/#breadcrumb"},"inLanguage":"fr-FR","potentialAction":[{"@type":"ReadAction","target":["https:\/\/hetsalescentrum.nl\/salestraining-en-coaching-in-amsterdam\/"]}]},{"@type":"ImageObject","inLanguage":"fr-FR","@id":"https:\/\/hetsalescentrum.nl\/salestraining-en-coaching-in-amsterdam\/#primaryimage","url":"https:\/\/hetsalescentrum.nl\/wp-content\/uploads\/2025\/09\/Amsterdam.jpeg","contentUrl":"https:\/\/hetsalescentrum.nl\/wp-content\/uploads\/2025\/09\/Amsterdam.jpeg","width":1486,"height":991,"caption":"Amsterdam"},{"@type":"BreadcrumbList","@id":"https:\/\/hetsalescentrum.nl\/salestraining-en-coaching-in-amsterdam\/#breadcrumb","itemListElement":[{"@type":"ListItem","position":1,"name":"Home","item":"https:\/\/hetsalescentrum.nl\/"},{"@type":"ListItem","position":2,"name":"Salestraining en coaching in Amsterdam"}]},{"@type":"WebSite","@id":"https:\/\/hetsalescentrum.nl\/#website","url":"https:\/\/hetsalescentrum.nl\/","name":"Le centre de vente","description":"Formation \u00e0 la vente et coaching","publisher":{"@id":"https:\/\/hetsalescentrum.nl\/#organization"},"potentialAction":[{"@type":"SearchAction","target":{"@type":"EntryPoint","urlTemplate":"https:\/\/hetsalescentrum.nl\/?s={search_term_string}"},"query-input":{"@type":"PropertyValueSpecification","valueRequired":true,"valueName":"search_term_string"}}],"inLanguage":"fr-FR"},{"@type":"Organization","@id":"https:\/\/hetsalescentrum.nl\/#organization","name":"Le centre de vente","alternateName":"Salescentrum","url":"https:\/\/hetsalescentrum.nl\/","logo":{"@type":"ImageObject","inLanguage":"fr-FR","@id":"https:\/\/hetsalescentrum.nl\/#\/schema\/logo\/image\/","url":"https:\/\/hetsalescentrum.nl\/wp-content\/uploads\/2023\/01\/Hetsalescentrum_witteachtergrond1500x1000.png","contentUrl":"https:\/\/hetsalescentrum.nl\/wp-content\/uploads\/2023\/01\/Hetsalescentrum_witteachtergrond1500x1000.png","width":1200,"height":998,"caption":"Het Sales Centrum"},"image":{"@id":"https:\/\/hetsalescentrum.nl\/#\/schema\/logo\/image\/"}}]}},"meta_box":[],"_links":{"self":[{"href":"https:\/\/hetsalescentrum.nl\/fr\/wp-json\/wp\/v2\/pages\/3320","targetHints":{"allow":["GET"]}}],"collection":[{"href":"https:\/\/hetsalescentrum.nl\/fr\/wp-json\/wp\/v2\/pages"}],"about":[{"href":"https:\/\/hetsalescentrum.nl\/fr\/wp-json\/wp\/v2\/types\/page"}],"author":[{"embeddable":true,"href":"https:\/\/hetsalescentrum.nl\/fr\/wp-json\/wp\/v2\/users\/4"}],"replies":[{"embeddable":true,"href":"https:\/\/hetsalescentrum.nl\/fr\/wp-json\/wp\/v2\/comments?post=3320"}],"version-history":[{"count":3,"href":"https:\/\/hetsalescentrum.nl\/fr\/wp-json\/wp\/v2\/pages\/3320\/revisions"}],"predecessor-version":[{"id":3327,"href":"https:\/\/hetsalescentrum.nl\/fr\/wp-json\/wp\/v2\/pages\/3320\/revisions\/3327"}],"wp:featuredmedia":[{"embeddable":true,"href":"https:\/\/hetsalescentrum.nl\/fr\/wp-json\/wp\/v2\/media\/3323"}],"wp:attachment":[{"href":"https:\/\/hetsalescentrum.nl\/fr\/wp-json\/wp\/v2\/media?parent=3320"}],"curies":[{"name":"wp","href":"https:\/\/api.w.org\/{rel}","templated":true}]}}