{"id":2373,"date":"2023-08-23T21:03:55","date_gmt":"2023-08-23T19:03:55","guid":{"rendered":"https:\/\/hetsalescentrum.nl\/?page_id=2373"},"modified":"2026-02-03T16:15:09","modified_gmt":"2026-02-03T15:15:09","slug":"analyse-des-ventes","status":"publish","type":"page","link":"https:\/\/hetsalescentrum.nl\/fr\/sales-scan\/","title":{"rendered":"Scan des ventes"},"content":{"rendered":"<div class=\"wp-block-group bb-page-block\"><div class=\"wp-block-group__inner-container is-layout-constrained wp-block-group-is-layout-constrained\">\n<h2 class=\"wp-block-heading bb-page-block\">Pourquoi effectuer une analyse de votre propre \u00e9quipe de vente ?<\/h2>\n\n\n\n<p class=\"bb-page-block\">Un scan est en fait un enregistrement de l'int\u00e9rieur. Sur la base des questions figurant dans le scan de l <a href=\"https:\/\/hetsalescentrum.nl\/fr\/\">Centre de vente<\/a> vous commencez \u00e0 r\u00e9fl\u00e9chir aux actions essentielles de votre \u00e9quipe de vente. Quelle image avez-vous et quelle est la r\u00e9alit\u00e9 ? Quelles que soient les r\u00e9ponses, le fait d'\u00eatre dispos\u00e9 \u00e0 examiner les choses de l'int\u00e9rieur est un \u00e9norme avantage pour votre entreprise. <\/p>\n\n\n\n<div style=\"height:40px\" aria-hidden=\"true\" class=\"wp-block-spacer\"><\/div>\n\n\n\n<h2 class=\"wp-block-heading bb-page-block\">Fin de l'\u00e9vidence !<\/h2>\n\n\n\n<p class=\"bb-page-block\">Un autre avantage de l'analyse des ventes est que les questions et les r\u00e9ponses vous donnent des id\u00e9es. Vous cessez de consid\u00e9rer les choses comme allant de soi.  C'est comme si un nouvel employ\u00e9 posait la question \"pourquoi faisons-nous cela de cette fa\u00e7on ? Vos vendeurs travaillent-ils bien ? Alors continuez dans la direction que vous avez prise. Mais si vous \u00eates plus critique \u00e0 l'\u00e9gard de la fa\u00e7on dont les choses se d\u00e9roulent, il est bon de <a href=\"https:\/\/hetsalescentrum.nl\/fr\/contact\/\">ensemble en conversation <\/a>d'aller voir ce qu'il vaut mieux arr\u00eater.<\/p>\n\n\n\n<p class=\"bb-page-block\">En r\u00e9sum\u00e9, le sales scan est destin\u00e9 \u00e0 vous conforter dans les choix que vous avez faits ou \u00e0 vous faire cesser ce qui vous emp\u00eache d'obtenir un r\u00e9sultat positif.<\/p>\n\n\n\n<div style=\"height:30px\" aria-hidden=\"true\" class=\"wp-block-spacer\"><\/div>\n\n\n\n<div class=\"wp-block-columns bb-page-block is-layout-flex wp-container-core-columns-is-layout-9d6595d7 wp-block-columns-is-layout-flex\">\n<div class=\"wp-block-column is-layout-flow wp-block-column-is-layout-flow\" style=\"flex-basis:66.66%\">\n<h3 class=\"wp-block-heading has-primary-color-color has-text-color has-link-color wp-elements-04d7fdc51811df77175725a4e68afb24\">Effectuez l'analyse des ventes en 7 \u00e9tapes et <\/h3>\n\n\n\n<h3 class=\"wp-block-heading has-primary-color-color has-text-color has-link-color wp-elements-6cd62dd7572ccd49317f5e1e4d8803fa\">recevoir quelques <\/h3>\n\n\n\n<h3 class=\"wp-block-heading has-primary-color-color has-text-color has-link-color wp-elements-2ce4db1df3c68d832f6001206a9aa019\">gains rapides<\/h3>\n<\/div>\n\n\n\n<div class=\"wp-block-column is-layout-flow wp-block-column-is-layout-flow\" style=\"flex-basis:33.33%\">\n<div class=\"wp-block-buttons is-layout-flex wp-block-buttons-is-layout-flex\">\n<div class=\"wp-block-button is-style-outline is-style-outline--1\"><a class=\"wp-block-button__link has-primary-color-color has-dark-color-background-color has-text-color has-background has-link-color wp-element-button\" href=\"https:\/\/forms.gle\/3Ut6GBt2Vj3L2KqS6\" target=\"_blank\" rel=\"https:\/\/forms.gle\/aRcZ81f8VjEtoMyV8 noreferrer noopener\">Lancer le scan des ventes<\/a><\/div>\n<\/div>\n\n\n\n<div style=\"height:46px\" aria-hidden=\"true\" class=\"wp-block-spacer\"><\/div>\n\n\n\n<div style=\"height:100px\" aria-hidden=\"true\" class=\"wp-block-spacer\"><\/div>\n<\/div>\n<\/div>\n\n\n\n<pre class=\"wp-block-code\"><code>\n\n<\/code><\/pre>\n\n\n\n<h2 class=\"wp-block-heading bb-page-block\">Qu'est-ce que la r\u00e9silience ?<\/h2>\n\n\n\n<div class=\"wp-block-columns bb-page-block is-layout-flex wp-container-core-columns-is-layout-9d6595d7 wp-block-columns-is-layout-flex\">\n<div class=\"wp-block-column is-layout-flow wp-block-column-is-layout-flow\">\n<figure class=\"wp-block-image size-large\"><img loading=\"lazy\" decoding=\"async\" width=\"717\" height=\"1024\" src=\"https:\/\/hetsalescentrum.nl\/wp-content\/uploads\/2021\/08\/spring-scaled-1-717x1024.jpg\" alt=\"r\u00e9silience scan des ventes Amersfoort formation \u00e0 la vente responsable des ventes gestionnaire de comptes commerciaux directeur des ventes dga propri\u00e9taire r\u00e9sultats des ventes croissance \" class=\"wp-image-1412\" srcset=\"https:\/\/hetsalescentrum.nl\/wp-content\/uploads\/2021\/08\/spring-scaled-1-717x1024.jpg 717w, https:\/\/hetsalescentrum.nl\/wp-content\/uploads\/2021\/08\/spring-scaled-1-210x300.jpg 210w, https:\/\/hetsalescentrum.nl\/wp-content\/uploads\/2021\/08\/spring-scaled-1-768x1097.jpg 768w, https:\/\/hetsalescentrum.nl\/wp-content\/uploads\/2021\/08\/spring-scaled-1-1075x1536.jpg 1075w, https:\/\/hetsalescentrum.nl\/wp-content\/uploads\/2021\/08\/spring-scaled-1.jpg 1200w\" sizes=\"auto, (max-width: 717px) 100vw, 717px\" \/><\/figure>\n<\/div>\n\n\n\n<div class=\"wp-block-column is-layout-flow wp-block-column-is-layout-flow\">\n<p>Lorsqu'une personne ou une \u00e9quipe est capable d'\u00e9laborer une vision, de se d\u00e9velopper, de surmonter les \u00e9checs et d'avoir et de conserver une vision \u00e0 long terme, elle dispose d'une base tr\u00e8s importante pour la r\u00e9silience.<\/p>\n\n\n\n<p>Dans le domaine de la vente, la r\u00e9silience est essentielle. Elle doit \u00eatre visible, par exemple, dans le comportement personnel d'une personne et dans la mani\u00e8re dont elle \u00e9tablit le contact avec les clients.<\/p>\n\n\n\n<p><a href=\"https:\/\/hetsalescentrum.nl\/fr\/explorer\/\">Professionnels r\u00e9silients <\/a>faire la diff\u00e9rence aupr\u00e8s de leurs clients et au sein de l'organisation pour laquelle ils travaillent. M\u00eame face aux objections et aux revers, ils sont capables de se r\u00e9tablir et d'agir de mani\u00e8re proactive.<\/p>\n\n\n\n<p>Vous voulez savoir \u00e0 quel point votre \u00e9quipe de vente est r\u00e9siliente ?&nbsp;<a href=\"https:\/\/forms.gle\/aRcZ81f8VjEtoMyV8\">Scan des ventes<\/a>.<\/p>\n<\/div>\n<\/div>\n<\/div><\/div>","protected":false},"excerpt":{"rendered":"<p>Waarom een sales scan uitvoeren op je eigen verkoopteam? Een scan is in de basis een opname van de binnenkant. Aan de hand van de vragen in de scan van het SalesCentrum ga je nadenken over de kernacties van je verkoopteam. Welk beeld heb je en wat is de werkelijkheid? Wat antwoorden ook zijn, het [&hellip;]<\/p>\n","protected":false},"author":4,"featured_media":1412,"parent":0,"menu_order":0,"comment_status":"closed","ping_status":"closed","template":"","meta":{"footnotes":""},"class_list":["post-2373","page","type-page","status-publish","has-post-thumbnail","hentry"],"yoast_head":"<!-- This site is optimized with the Yoast SEO plugin v27.4 - https:\/\/yoast.com\/product\/yoast-seo-wordpress\/ -->\n<title>Sales Scan - Het Sales Centrum<\/title>\n<meta name=\"description\" content=\"Wil jij weten hoe commercieel veerkrachtig je verkoopteam is doe dan nu vrijblijvend de sales scan en ontvang direct enkele aanbevelingen.\" \/>\n<meta name=\"robots\" content=\"index, follow, max-snippet:-1, max-image-preview:large, max-video-preview:-1\" \/>\n<link rel=\"canonical\" href=\"https:\/\/hetsalescentrum.nl\/fr\/analyse-des-ventes\/\" \/>\n<meta property=\"og:locale\" content=\"fr_FR\" \/>\n<meta property=\"og:type\" content=\"article\" \/>\n<meta property=\"og:title\" content=\"Sales Scan - Het Sales Centrum\" \/>\n<meta property=\"og:description\" content=\"Wil jij weten hoe commercieel veerkrachtig je verkoopteam is doe dan nu vrijblijvend de sales scan en ontvang direct enkele aanbevelingen.\" \/>\n<meta property=\"og:url\" content=\"https:\/\/hetsalescentrum.nl\/fr\/analyse-des-ventes\/\" \/>\n<meta property=\"og:site_name\" content=\"Het Sales Centrum\" \/>\n<meta property=\"article:modified_time\" content=\"2026-02-03T15:15:09+00:00\" \/>\n<meta property=\"og:image\" content=\"https:\/\/hetsalescentrum.nl\/wp-content\/uploads\/2021\/08\/spring-scaled-1.jpg\" \/>\n\t<meta property=\"og:image:width\" content=\"1200\" \/>\n\t<meta property=\"og:image:height\" content=\"1714\" \/>\n\t<meta property=\"og:image:type\" content=\"image\/jpeg\" \/>\n<meta name=\"twitter:card\" content=\"summary_large_image\" \/>\n<meta name=\"twitter:label1\" content=\"Dur\u00e9e de lecture estim\u00e9e\" \/>\n\t<meta name=\"twitter:data1\" content=\"2 minutes\" \/>\n<script type=\"application\/ld+json\" class=\"yoast-schema-graph\">{\"@context\":\"https:\\\/\\\/schema.org\",\"@graph\":[{\"@type\":\"WebPage\",\"@id\":\"https:\\\/\\\/hetsalescentrum.nl\\\/sales-scan\\\/\",\"url\":\"https:\\\/\\\/hetsalescentrum.nl\\\/sales-scan\\\/\",\"name\":\"Sales Scan - Het Sales Centrum\",\"isPartOf\":{\"@id\":\"https:\\\/\\\/hetsalescentrum.nl\\\/#website\"},\"primaryImageOfPage\":{\"@id\":\"https:\\\/\\\/hetsalescentrum.nl\\\/sales-scan\\\/#primaryimage\"},\"image\":{\"@id\":\"https:\\\/\\\/hetsalescentrum.nl\\\/sales-scan\\\/#primaryimage\"},\"thumbnailUrl\":\"https:\\\/\\\/hetsalescentrum.nl\\\/wp-content\\\/uploads\\\/2021\\\/08\\\/spring-scaled-1.jpg\",\"datePublished\":\"2023-08-23T19:03:55+00:00\",\"dateModified\":\"2026-02-03T15:15:09+00:00\",\"description\":\"Wil jij weten hoe commercieel veerkrachtig je verkoopteam is doe dan nu vrijblijvend de sales scan en ontvang direct enkele aanbevelingen.\",\"breadcrumb\":{\"@id\":\"https:\\\/\\\/hetsalescentrum.nl\\\/sales-scan\\\/#breadcrumb\"},\"inLanguage\":\"fr-FR\",\"potentialAction\":[{\"@type\":\"ReadAction\",\"target\":[\"https:\\\/\\\/hetsalescentrum.nl\\\/sales-scan\\\/\"]}]},{\"@type\":\"ImageObject\",\"inLanguage\":\"fr-FR\",\"@id\":\"https:\\\/\\\/hetsalescentrum.nl\\\/sales-scan\\\/#primaryimage\",\"url\":\"https:\\\/\\\/hetsalescentrum.nl\\\/wp-content\\\/uploads\\\/2021\\\/08\\\/spring-scaled-1.jpg\",\"contentUrl\":\"https:\\\/\\\/hetsalescentrum.nl\\\/wp-content\\\/uploads\\\/2021\\\/08\\\/spring-scaled-1.jpg\",\"width\":1200,\"height\":1714,\"caption\":\"veerkracht sales scan Amersfoort verkoop training salestraining verkooptraining verkoopleider verkoper accountmanager commercieel commercieel directeur dga eigenaar verkoopresultaat groei\"},{\"@type\":\"BreadcrumbList\",\"@id\":\"https:\\\/\\\/hetsalescentrum.nl\\\/sales-scan\\\/#breadcrumb\",\"itemListElement\":[{\"@type\":\"ListItem\",\"position\":1,\"name\":\"Home\",\"item\":\"https:\\\/\\\/hetsalescentrum.nl\\\/\"},{\"@type\":\"ListItem\",\"position\":2,\"name\":\"Sales Scan\"}]},{\"@type\":\"WebSite\",\"@id\":\"https:\\\/\\\/hetsalescentrum.nl\\\/#website\",\"url\":\"https:\\\/\\\/hetsalescentrum.nl\\\/\",\"name\":\"Het Sales Centrum\",\"description\":\"Sales training en coaching\",\"publisher\":{\"@id\":\"https:\\\/\\\/hetsalescentrum.nl\\\/#organization\"},\"potentialAction\":[{\"@type\":\"SearchAction\",\"target\":{\"@type\":\"EntryPoint\",\"urlTemplate\":\"https:\\\/\\\/hetsalescentrum.nl\\\/?s={search_term_string}\"},\"query-input\":{\"@type\":\"PropertyValueSpecification\",\"valueRequired\":true,\"valueName\":\"search_term_string\"}}],\"inLanguage\":\"fr-FR\"},{\"@type\":\"Organization\",\"@id\":\"https:\\\/\\\/hetsalescentrum.nl\\\/#organization\",\"name\":\"Het Sales Centrum\",\"alternateName\":\"Salescentrum\",\"url\":\"https:\\\/\\\/hetsalescentrum.nl\\\/\",\"logo\":{\"@type\":\"ImageObject\",\"inLanguage\":\"fr-FR\",\"@id\":\"https:\\\/\\\/hetsalescentrum.nl\\\/#\\\/schema\\\/logo\\\/image\\\/\",\"url\":\"https:\\\/\\\/hetsalescentrum.nl\\\/wp-content\\\/uploads\\\/2023\\\/01\\\/Hetsalescentrum_witteachtergrond1500x1000.png\",\"contentUrl\":\"https:\\\/\\\/hetsalescentrum.nl\\\/wp-content\\\/uploads\\\/2023\\\/01\\\/Hetsalescentrum_witteachtergrond1500x1000.png\",\"width\":1200,\"height\":998,\"caption\":\"Het Sales Centrum\"},\"image\":{\"@id\":\"https:\\\/\\\/hetsalescentrum.nl\\\/#\\\/schema\\\/logo\\\/image\\\/\"}}]}<\/script>\n<!-- \/ Yoast SEO plugin. -->","yoast_head_json":{"title":"Sales Scan - Le centre de vente","description":"Si vous souhaitez conna\u00eetre la r\u00e9sistance commerciale de votre \u00e9quipe de vente, effectuez d\u00e8s \u00e0 pr\u00e9sent l'analyse des ventes sans engagement et recevez des recommandations instantan\u00e9es.","robots":{"index":"index","follow":"follow","max-snippet":"max-snippet:-1","max-image-preview":"max-image-preview:large","max-video-preview":"max-video-preview:-1"},"canonical":"https:\/\/hetsalescentrum.nl\/fr\/analyse-des-ventes\/","og_locale":"fr_FR","og_type":"article","og_title":"Sales Scan - Het Sales Centrum","og_description":"Wil jij weten hoe commercieel veerkrachtig je verkoopteam is doe dan nu vrijblijvend de sales scan en ontvang direct enkele aanbevelingen.","og_url":"https:\/\/hetsalescentrum.nl\/fr\/analyse-des-ventes\/","og_site_name":"Het Sales Centrum","article_modified_time":"2026-02-03T15:15:09+00:00","og_image":[{"width":1200,"height":1714,"url":"https:\/\/hetsalescentrum.nl\/wp-content\/uploads\/2021\/08\/spring-scaled-1.jpg","type":"image\/jpeg"}],"twitter_card":"summary_large_image","twitter_misc":{"Dur\u00e9e de lecture estim\u00e9e":"2 minutes"},"schema":{"@context":"https:\/\/schema.org","@graph":[{"@type":"WebPage","@id":"https:\/\/hetsalescentrum.nl\/sales-scan\/","url":"https:\/\/hetsalescentrum.nl\/sales-scan\/","name":"Sales Scan - Le centre de vente","isPartOf":{"@id":"https:\/\/hetsalescentrum.nl\/#website"},"primaryImageOfPage":{"@id":"https:\/\/hetsalescentrum.nl\/sales-scan\/#primaryimage"},"image":{"@id":"https:\/\/hetsalescentrum.nl\/sales-scan\/#primaryimage"},"thumbnailUrl":"https:\/\/hetsalescentrum.nl\/wp-content\/uploads\/2021\/08\/spring-scaled-1.jpg","datePublished":"2023-08-23T19:03:55+00:00","dateModified":"2026-02-03T15:15:09+00:00","description":"Si vous souhaitez conna\u00eetre la r\u00e9sistance commerciale de votre \u00e9quipe de vente, effectuez d\u00e8s \u00e0 pr\u00e9sent l'analyse des ventes sans engagement et recevez des recommandations instantan\u00e9es.","breadcrumb":{"@id":"https:\/\/hetsalescentrum.nl\/sales-scan\/#breadcrumb"},"inLanguage":"fr-FR","potentialAction":[{"@type":"ReadAction","target":["https:\/\/hetsalescentrum.nl\/sales-scan\/"]}]},{"@type":"ImageObject","inLanguage":"fr-FR","@id":"https:\/\/hetsalescentrum.nl\/sales-scan\/#primaryimage","url":"https:\/\/hetsalescentrum.nl\/wp-content\/uploads\/2021\/08\/spring-scaled-1.jpg","contentUrl":"https:\/\/hetsalescentrum.nl\/wp-content\/uploads\/2021\/08\/spring-scaled-1.jpg","width":1200,"height":1714,"caption":"veerkracht sales scan Amersfoort verkoop training salestraining verkooptraining verkoopleider verkoper accountmanager commercieel commercieel directeur dga eigenaar verkoopresultaat groei"},{"@type":"BreadcrumbList","@id":"https:\/\/hetsalescentrum.nl\/sales-scan\/#breadcrumb","itemListElement":[{"@type":"ListItem","position":1,"name":"Home","item":"https:\/\/hetsalescentrum.nl\/"},{"@type":"ListItem","position":2,"name":"Sales Scan"}]},{"@type":"WebSite","@id":"https:\/\/hetsalescentrum.nl\/#website","url":"https:\/\/hetsalescentrum.nl\/","name":"Le centre de vente","description":"Formation \u00e0 la vente et coaching","publisher":{"@id":"https:\/\/hetsalescentrum.nl\/#organization"},"potentialAction":[{"@type":"SearchAction","target":{"@type":"EntryPoint","urlTemplate":"https:\/\/hetsalescentrum.nl\/?s={search_term_string}"},"query-input":{"@type":"PropertyValueSpecification","valueRequired":true,"valueName":"search_term_string"}}],"inLanguage":"fr-FR"},{"@type":"Organization","@id":"https:\/\/hetsalescentrum.nl\/#organization","name":"Le centre de vente","alternateName":"Salescentrum","url":"https:\/\/hetsalescentrum.nl\/","logo":{"@type":"ImageObject","inLanguage":"fr-FR","@id":"https:\/\/hetsalescentrum.nl\/#\/schema\/logo\/image\/","url":"https:\/\/hetsalescentrum.nl\/wp-content\/uploads\/2023\/01\/Hetsalescentrum_witteachtergrond1500x1000.png","contentUrl":"https:\/\/hetsalescentrum.nl\/wp-content\/uploads\/2023\/01\/Hetsalescentrum_witteachtergrond1500x1000.png","width":1200,"height":998,"caption":"Het Sales Centrum"},"image":{"@id":"https:\/\/hetsalescentrum.nl\/#\/schema\/logo\/image\/"}}]}},"meta_box":[],"_links":{"self":[{"href":"https:\/\/hetsalescentrum.nl\/fr\/wp-json\/wp\/v2\/pages\/2373","targetHints":{"allow":["GET"]}}],"collection":[{"href":"https:\/\/hetsalescentrum.nl\/fr\/wp-json\/wp\/v2\/pages"}],"about":[{"href":"https:\/\/hetsalescentrum.nl\/fr\/wp-json\/wp\/v2\/types\/page"}],"author":[{"embeddable":true,"href":"https:\/\/hetsalescentrum.nl\/fr\/wp-json\/wp\/v2\/users\/4"}],"replies":[{"embeddable":true,"href":"https:\/\/hetsalescentrum.nl\/fr\/wp-json\/wp\/v2\/comments?post=2373"}],"version-history":[{"count":3,"href":"https:\/\/hetsalescentrum.nl\/fr\/wp-json\/wp\/v2\/pages\/2373\/revisions"}],"predecessor-version":[{"id":3494,"href":"https:\/\/hetsalescentrum.nl\/fr\/wp-json\/wp\/v2\/pages\/2373\/revisions\/3494"}],"wp:featuredmedia":[{"embeddable":true,"href":"https:\/\/hetsalescentrum.nl\/fr\/wp-json\/wp\/v2\/media\/1412"}],"wp:attachment":[{"href":"https:\/\/hetsalescentrum.nl\/fr\/wp-json\/wp\/v2\/media?parent=2373"}],"curies":[{"name":"wp","href":"https:\/\/api.w.org\/{rel}","templated":true}]}}